{"id":17461,"date":"2025-02-11T17:20:58","date_gmt":"2025-02-11T23:20:58","guid":{"rendered":"https:\/\/bastropstg.wpenginepowered.com\/contacta-con-nosotros\/"},"modified":"2025-04-01T16:02:17","modified_gmt":"2025-04-01T21:02:17","slug":"contactanos","status":"publish","type":"page","link":"https:\/\/www.bastropcares.org\/es\/contactanos\/","title":{"rendered":"Cont\u00e1ctanos"},"content":{"rendered":"<p>[et_pb_section fb_built=\u00bb1&#8243; admin_label=\u00bbHero\u00bb _builder_version=\u00bb4.27.4&#8243; _module_preset=\u00bbdefault\u00bb background_color=\u00bbrgba(63,67,173,0.1)\u00bb custom_padding=\u00bb40px||40px|||\u00bb global_colors_info=\u00bb{}\u00bb][et_pb_row _builder_version=\u00bb4.27.4&#8243; _module_preset=\u00bbdefault\u00bb global_colors_info=\u00bb{}\u00bb][et_pb_column type=\u00bb4_4&#8243; _builder_version=\u00bb4.27.4&#8243; _module_preset=\u00bbdefault\u00bb global_colors_info=\u00bb{}\u00bb][et_pb_image src=\u00bbhttps:\/\/www.bastropcares.org\/wp-content\/uploads\/2025\/03\/email-marketing.svg\u00bb title_text=\u00bbemail-marketing\u00bb align=\u00bbcenter\u00bb _builder_version=\u00bb4.27.4&#8243; _module_preset=\u00bbdefault\u00bb global_colors_info=\u00bb{}\u00bb][\/et_pb_image][et_pb_text _builder_version=\u00bb4.27.4&#8243; _module_preset=\u00bbdefault\u00bb header_text_align=\u00bbcenter\u00bb text_orientation=\u00bbcenter\u00bb global_colors_info=\u00bb{}\u00bb]<\/p>\n<h1>Cont\u00e1ctanos<\/h1>\n<p>\u00a1Nos encantar\u00eda saber de ti!<\/p>\n<p>[\/et_pb_text][\/et_pb_column][\/et_pb_row][\/et_pb_section][et_pb_section fb_built=\u00bb1&#8243; _builder_version=\u00bb4.27.4&#8243; _module_preset=\u00bbdefault\u00bb global_colors_info=\u00bb{}\u00bb][et_pb_row column_structure=\u00bb1_2,1_2&#8243; custom_padding_last_edited=\u00bbon|desktop\u00bb _builder_version=\u00bb4.27.4&#8243; _module_preset=\u00bbdefault\u00bb background_color=\u00bbrgba(63,67,173,0.05)\u00bb width_tablet=\u00bb\u00bb width_phone=\u00bb90%\u00bb width_last_edited=\u00bbon|phone\u00bb custom_padding=\u00bb60px|60px|60px|60px|true|true\u00bb custom_padding_tablet=\u00bb60px|60px|60px|60px|true|true\u00bb custom_padding_phone=\u00bb30px|30px|30px|30px|true|true\u00bb border_radii=\u00bbon|25px|25px|25px|25px\u00bb global_colors_info=\u00bb{}\u00bb][et_pb_column type=\u00bb1_2&#8243; _builder_version=\u00bb4.27.4&#8243; _module_preset=\u00bbdefault\u00bb global_colors_info=\u00bb{}\u00bb][et_pb_text _builder_version=\u00bb4.27.4&#8243; _module_preset=\u00bbdefault\u00bb text_text_color=\u00bb#262868&#8243; global_colors_info=\u00bb{}\u00bb]<\/p>\n<h5>Rellena el siguiente formulario para ponerte en contacto con nosotros:<\/h5>\n<p>[\/et_pb_text][et_pb_code admin_label=\u00bbScript de Mailchimp\u00bb _builder_version=\u00bb4.27.4&#8243; _module_preset=\u00bbdefault\u00bb custom_margin=\u00bb||50px|||\u00bb hover_enabled=\u00bb0&#8243; global_colors_info=\u00bb{}\u00bb sticky_enabled=\u00bb0&#8243;]<\/p>\n<div id=\"mc_embed_shell\"><!-- [et_pb_line_break_holder] -->      <link href=\"\/\/cdn-images.mailchimp.com\/embedcode\/classic-061523.css\" rel=\"stylesheet\" type=\"text\/css\"><!-- [et_pb_line_break_holder] -->  <\/p>\n<style type=\"text\/css\"><!-- [et_pb_line_break_holder] -->        #mc_embed_signup{background:#fff; false;clear:left; font:14px Helvetica,Arial,sans-serif; width: px;}<!-- [et_pb_line_break_holder] -->        \/* Add your own Mailchimp form style overrides in your site stylesheet or in this style block.<!-- [et_pb_line_break_holder] -->           We recommend moving this block and the preceding CSS link to the HEAD of your HTML file. *\/<!-- [et_pb_line_break_holder] --><\/style>\n<p><!-- [et_pb_line_break_holder] --><\/p>\n<div id=\"mc_embed_signup\"><!-- [et_pb_line_break_holder] -->    <\/p>\n<form action=\"https:\/\/bastropcares.us4.list-manage.com\/subscribe\/post?u=76359201cf4f50ea583ada32e&amp;id=9b46a73c44&amp;f_id=002e66e2f0\" method=\"post\" id=\"mc-embedded-subscribe-form\" name=\"mc-embedded-subscribe-form\" class=\"validate\" target=\"_blank\"><!-- [et_pb_line_break_holder] -->        <\/p>\n<div id=\"mc_embed_signup_scroll\"><!-- [et_pb_line_break_holder] -->            <\/p>\n<div class=\"indicates-required\"><span class=\"asterisk\">*<\/span> indicates required<\/div>\n<p><!-- [et_pb_line_break_holder] -->            <\/p>\n<div class=\"mc-field-group\"><label for=\"mce-EMAIL\">Correo electr\u00f3nico  <span class=\"asterisk\">*<\/span><\/label><input type=\"email\" name=\"EMAIL\" class=\"required email\" id=\"mce-EMAIL\" required=\"\" value=\"\"><\/div>\n<div class=\"mc-field-group\"><label for=\"mce-FNAME\">Nombre <span class=\"asterisk\">*<\/span><\/label><input type=\"text\" name=\"FNAME\" class=\"required text\" id=\"mce-FNAME\" required=\"\" value=\"\"><\/div>\n<div class=\"mc-field-group\"><label for=\"mce-LNAME\">Apellido <span class=\"asterisk\">*<\/span><\/label><input type=\"text\" name=\"LNAME\" class=\"required text\" id=\"mce-LNAME\" required=\"\" value=\"\"><\/div>\n<div class=\"mc-field-group\"><label for=\"mce-PHONE\">N\u00famero de tel\u00e9fono <\/label><input type=\"text\" name=\"PHONE\" class=\"REQ_CSS\" id=\"mce-PHONE\" value=\"\"><\/div>\n<div class=\"mc-field-group\"><label for=\"mce-MMERGE10\">Selecciona la raz\u00f3n de tu comunicacion: <span class=\"asterisk\">*<\/span><\/label><select name=\"MMERGE10\" class=\"required\" id=\"mce-MMERGE10\"><option value=\"\"><\/option><option value=\"Tengo una pregunta general\">Tengo una pregunta general<\/option><option value=\"Quiero unirme a un Colaborativo\">Quiero unirme a un Colaborativo<\/option><option value=\"Quiero unirme a la junta directiva\">Quiero unirme a la junta directiva<\/option><option value=\"Me gustar\u00eda que BCC asistiera a mi pr\u00f3ximo evento como proveedor\">Me gustar\u00eda que BCC asistiera a mi pr\u00f3ximo evento como proveedor<\/option><option value=\"Me gustar\u00eda reservar la Care-a-Van\">Me gustar\u00eda reservar la Care-a-Van<\/option><\/select><\/div>\n<div class=\"mc-field-group\"><label for=\"mce-MMERGE8\">Tu mensaje: <\/label><input type=\"text\" name=\"MMERGE8\" class=\" text\" id=\"mce-MMERGE8\" value=\"\"><\/div>\n<p><!-- [et_pb_line_break_holder] --><\/p>\n<div hidden=\"\"><input type=\"hidden\" name=\"tags\" value=\"4550868\"><\/div>\n<p><!-- [et_pb_line_break_holder] -->        <\/p>\n<div id=\"mce-responses\" class=\"clear\"><!-- [et_pb_line_break_holder] -->            <\/p>\n<div class=\"response\" id=\"mce-error-response\" style=\"display: none;\"><\/div>\n<p><!-- [et_pb_line_break_holder] -->            <\/p>\n<div class=\"response\" id=\"mce-success-response\" style=\"display: none;\"><\/div>\n<p><!-- [et_pb_line_break_holder] -->        <\/div>\n<div style=\"position: absolute; left: -5000px;\" aria-hidden=\"true\"><input type=\"text\" name=\"b_76359201cf4f50ea583ada32e_9b46a73c44\" tabindex=\"-1\" value=\"\"><\/div>\n<div class=\"clear\"><input type=\"submit\" name=\"subscribe\" id=\"mc-embedded-subscribe\" class=\"mailchimp-button\" value=\"Subscribir\"><\/div>\n<p><!-- [et_pb_line_break_holder] -->    <\/div>\n<p><!-- [et_pb_line_break_holder] --><\/form>\n<p><!-- [et_pb_line_break_holder] --><\/div>\n<p><!-- [et_pb_line_break_holder] --><script type=\"text\/javascript\" src=\"\/\/s3.amazonaws.com\/downloads.mailchimp.com\/js\/mc-validate.js\"><\/script><script type=\"text\/javascript\">(function($) {window.fnames = new Array(); window.ftypes = new Array();fnames[0]='EMAIL';ftypes[0]='email';fnames[1]='FNAME';ftypes[1]='text';fnames[2]='LNAME';ftypes[2]='text';fnames[4]='PHONE';ftypes[4]='phone';fnames[10]='MMERGE10';ftypes[10]='dropdown';fnames[8]='MMERGE8';ftypes[8]='text';fnames[7]='MMERGE7';ftypes[7]='dropdown';fnames[9]='MMERGE9';ftypes[9]='radio';fnames[11]='MMERGE11';ftypes[11]='dropdown';fnames[12]='MMERGE12';ftypes[12]='dropdown';fnames[5]='BIRTHDAY';ftypes[5]='birthday';fnames[6]='COMPANY';ftypes[6]='text';fnames[3]='ADDRESS';ftypes[3]='address';fnames[13]='MMERGE13';ftypes[13]='radio';fnames[14]='MMERGE14';ftypes[14]='dropdown';fnames[15]='MMERGE15';ftypes[15]='dropdown';}(jQuery));var $mcj = jQuery.noConflict(true);<\/script><\/div>\n<p><!-- [et_pb_line_break_holder] -->[\/et_pb_code][et_pb_blurb image_icon_background_color=\u00bb#FFFFFF\u00bb image=\u00bbhttps:\/\/www.bastropcares.org\/wp-content\/uploads\/2025\/03\/phone-forwarded.svg\u00bb icon_placement=\u00bbleft\u00bb image_icon_width=\u00bb90%\u00bb _builder_version=\u00bb4.27.4&#8243; _module_preset=\u00bbdefault\u00bb header_level=\u00bbh6&#8243; image_icon_custom_margin=\u00bb|35px|||true|false\u00bb image_icon_custom_padding=\u00bb10px|10px|10px|10px|true|true\u00bb custom_margin=\u00bb||35px|||\u00bb border_radii_image=\u00bbon|30px|30px|30px|30px\u00bb border_color_all_image=\u00bb#EFEFEF\u00bb global_colors_info=\u00bb{}\u00bb]<\/p>\n<p><strong>Tel\u00e9fono:<\/strong> (512) 409-3116<\/p>\n<p>[\/et_pb_blurb][et_pb_blurb image_icon_background_color=\u00bb#FFFFFF\u00bb image=\u00bbhttps:\/\/www.bastropcares.org\/wp-content\/uploads\/2025\/03\/map-pin.svg\u00bb icon_placement=\u00bbleft\u00bb image_icon_width=\u00bb90%\u00bb _builder_version=\u00bb4.27.4&#8243; _module_preset=\u00bbdefault\u00bb header_level=\u00bbh6&#8243; image_icon_custom_margin=\u00bb|35px|||true|false\u00bb image_icon_custom_padding=\u00bb10px|10px|10px|10px|true|true\u00bb custom_margin=\u00bb||35px|||\u00bb border_radii_image=\u00bbon|30px|30px|30px|30px\u00bb border_color_all_image=\u00bb#EFEFEF\u00bb global_colors_info=\u00bb{}\u00bb]<\/p>\n<p><strong>Direcci\u00f3n:<\/strong> 806 Water St., Bastrop, TX<\/p>\n<p>[\/et_pb_blurb][et_pb_blurb image_icon_background_color=\u00bb#FFFFFF\u00bb image=\u00bbhttps:\/\/www.bastropcares.org\/wp-content\/uploads\/2025\/03\/mail.svg\u00bb icon_placement=\u00bbleft\u00bb image_icon_width=\u00bb90%\u00bb _builder_version=\u00bb4.27.4&#8243; _module_preset=\u00bbdefault\u00bb header_level=\u00bbh6&#8243; image_icon_custom_margin=\u00bb|35px|||true|false\u00bb image_icon_custom_padding=\u00bb10px|10px|10px|10px|true|true\u00bb custom_margin=\u00bb||35px|||\u00bb border_radii_image=\u00bbon|30px|30px|30px|30px\u00bb border_color_all_image=\u00bb#EFEFEF\u00bb global_colors_info=\u00bb{}\u00bb]<\/p>\n<p><strong>Correo electr\u00f3nico:<\/strong> Communications@bastropcares.org<\/p>\n<p>[\/et_pb_blurb][\/et_pb_column][et_pb_column type=\u00bb1_2&#8243; _builder_version=\u00bb4.27.4&#8243; _module_preset=\u00bbdefault\u00bb global_colors_info=\u00bb{}\u00bb][et_pb_image src=\u00bbhttps:\/\/www.bastropcares.org\/wp-content\/uploads\/2025\/03\/Bastrop_County_Cares_Contact-Us-800&#215;800-1.jpg\u00bb alt=\u00bbMujer afroamericana sonriendo y mirando el ordenador port\u00e1til\u00bb title_text=\u00bbBastrop_County_Cares_Contactar-Us-800&#215;800&#8243; _builder_version=\u00bb4.27.4&#8243; _module_preset=\u00bbdefault\u00bb border_radii=\u00bbon|25px|25px|25px|25px\u00bb global_colors_info=\u00bb{}\u00bb][\/et_pb_image][\/et_pb_column][\/et_pb_row][\/et_pb_section]<\/p>\n","protected":false},"excerpt":{"rendered":"<p>Cont\u00e1ctanos \u00a1Nos encantar\u00eda saber de ti!Rellena el siguiente formulario para ponerte en contacto con nosotros:Tel\u00e9fono: (512) 409-3116Direcci\u00f3n: 806 Water St., Bastrop, TXCorreo electr\u00f3nico: Communications@bastropcares.org<\/p>\n","protected":false},"author":1,"featured_media":17035,"parent":0,"menu_order":0,"comment_status":"closed","ping_status":"closed","template":"","meta":{"_et_pb_use_builder":"on","_et_pb_old_content":"","_et_gb_content_width":"","inline_featured_image":false,"_price":"","_stock":"","_tribe_ticket_header":"","_tribe_default_ticket_provider":"","_tribe_ticket_capacity":"0","_ticket_start_date":"","_ticket_end_date":"","_tribe_ticket_show_description":"","_tribe_ticket_show_not_going":false,"_tribe_ticket_use_global_stock":"","_tribe_ticket_global_stock_level":"","_global_stock_mode":"","_global_stock_cap":"","_tribe_rsvp_for_event":"","_tribe_ticket_going_count":"","_tribe_ticket_not_going_count":"","_tribe_tickets_list":"[]","_tribe_ticket_has_attendee_info_fields":false,"footnotes":"","_tec_slr_enabled":"","_tec_slr_layout":""},"class_list":["post-17461","page","type-page","status-publish","has-post-thumbnail","hentry"],"yoast_head":"<!-- This site is optimized with the Yoast SEO plugin v27.4 - https:\/\/yoast.com\/product\/yoast-seo-wordpress\/ -->\n<title>Cont\u00e1ctanos - Bastrop County Cares<\/title>\n<meta name=\"description\" content=\"\u00a1Ponte en contacto con Bastrop County Cares! Llama, env\u00eda un correo electr\u00f3nico o vis\u00edtanos en Bastrop, TX. Rellena nuestro formulario de contacto para consultas: nos encantar\u00e1 saber de ti.\" \/>\n<meta name=\"robots\" content=\"index, follow, max-snippet:-1, max-image-preview:large, max-video-preview:-1\" \/>\n<link rel=\"canonical\" href=\"https:\/\/www.bastropcares.org\/es\/contactanos\/\" \/>\n<meta property=\"og:locale\" content=\"es_ES\" \/>\n<meta property=\"og:type\" content=\"article\" \/>\n<meta property=\"og:title\" content=\"Cont\u00e1ctanos - Bastrop County Cares\" \/>\n<meta property=\"og:description\" content=\"\u00a1Ponte en contacto con Bastrop County Cares! Llama, env\u00eda un correo electr\u00f3nico o vis\u00edtanos en Bastrop, TX. Rellena nuestro formulario de contacto para consultas: nos encantar\u00e1 saber de ti.\" \/>\n<meta property=\"og:url\" content=\"https:\/\/www.bastropcares.org\/es\/contactanos\/\" \/>\n<meta property=\"og:site_name\" content=\"Bastrop County Cares\" \/>\n<meta property=\"article:publisher\" content=\"https:\/\/www.facebook.com\/BastropCares\" \/>\n<meta property=\"article:modified_time\" content=\"2025-04-01T21:02:17+00:00\" \/>\n<meta property=\"og:image\" content=\"https:\/\/www.bastropcares.org\/wp-content\/uploads\/2025\/03\/Bastrop_County_Cares_Contact-Us-800x800-1.jpg\" \/>\n\t<meta property=\"og:image:width\" content=\"800\" \/>\n\t<meta property=\"og:image:height\" content=\"800\" \/>\n\t<meta property=\"og:image:type\" content=\"image\/jpeg\" \/>\n<meta name=\"twitter:card\" content=\"summary_large_image\" \/>\n<meta name=\"twitter:label1\" content=\"Est. reading time\" \/>\n\t<meta name=\"twitter:data1\" content=\"2 minutos\" \/>\n<script type=\"application\/ld+json\" class=\"yoast-schema-graph\">{\"@context\":\"https:\\\/\\\/schema.org\",\"@graph\":[{\"@type\":\"WebPage\",\"@id\":\"https:\\\/\\\/www.bastropcares.org\\\/es\\\/contactanos\\\/\",\"url\":\"https:\\\/\\\/www.bastropcares.org\\\/es\\\/contactanos\\\/\",\"name\":\"Cont\u00e1ctanos - Bastrop County Cares\",\"isPartOf\":{\"@id\":\"https:\\\/\\\/www.bastropcares.org\\\/es\\\/#website\"},\"primaryImageOfPage\":{\"@id\":\"https:\\\/\\\/www.bastropcares.org\\\/es\\\/contactanos\\\/#primaryimage\"},\"image\":{\"@id\":\"https:\\\/\\\/www.bastropcares.org\\\/es\\\/contactanos\\\/#primaryimage\"},\"thumbnailUrl\":\"https:\\\/\\\/www.bastropcares.org\\\/wp-content\\\/uploads\\\/2025\\\/03\\\/Bastrop_County_Cares_Contact-Us-800x800-1.jpg\",\"datePublished\":\"2025-02-11T23:20:58+00:00\",\"dateModified\":\"2025-04-01T21:02:17+00:00\",\"description\":\"\u00a1Ponte en contacto con Bastrop County Cares! Llama, env\u00eda un correo electr\u00f3nico o vis\u00edtanos en Bastrop, TX. Rellena nuestro formulario de contacto para consultas: nos encantar\u00e1 saber de ti.\",\"breadcrumb\":{\"@id\":\"https:\\\/\\\/www.bastropcares.org\\\/es\\\/contactanos\\\/#breadcrumb\"},\"inLanguage\":\"es\",\"potentialAction\":[{\"@type\":\"ReadAction\",\"target\":[\"https:\\\/\\\/www.bastropcares.org\\\/es\\\/contactanos\\\/\"]}]},{\"@type\":\"ImageObject\",\"inLanguage\":\"es\",\"@id\":\"https:\\\/\\\/www.bastropcares.org\\\/es\\\/contactanos\\\/#primaryimage\",\"url\":\"https:\\\/\\\/www.bastropcares.org\\\/wp-content\\\/uploads\\\/2025\\\/03\\\/Bastrop_County_Cares_Contact-Us-800x800-1.jpg\",\"contentUrl\":\"https:\\\/\\\/www.bastropcares.org\\\/wp-content\\\/uploads\\\/2025\\\/03\\\/Bastrop_County_Cares_Contact-Us-800x800-1.jpg\",\"width\":800,\"height\":800},{\"@type\":\"BreadcrumbList\",\"@id\":\"https:\\\/\\\/www.bastropcares.org\\\/es\\\/contactanos\\\/#breadcrumb\",\"itemListElement\":[{\"@type\":\"ListItem\",\"position\":1,\"name\":\"Home\",\"item\":\"https:\\\/\\\/www.bastropcares.org\\\/es\\\/\"},{\"@type\":\"ListItem\",\"position\":2,\"name\":\"Cont\u00e1ctanos\"}]},{\"@type\":\"WebSite\",\"@id\":\"https:\\\/\\\/www.bastropcares.org\\\/es\\\/#website\",\"url\":\"https:\\\/\\\/www.bastropcares.org\\\/es\\\/\",\"name\":\"Bastrop County Cares\",\"description\":\"Bastrop County Cares is a non-profit organization uniting communities in Bastrop County and central Texas through partnerships and collaborative efforts.\",\"publisher\":{\"@id\":\"https:\\\/\\\/www.bastropcares.org\\\/es\\\/#organization\"},\"potentialAction\":[{\"@type\":\"SearchAction\",\"target\":{\"@type\":\"EntryPoint\",\"urlTemplate\":\"https:\\\/\\\/www.bastropcares.org\\\/es\\\/?s={search_term_string}\"},\"query-input\":{\"@type\":\"PropertyValueSpecification\",\"valueRequired\":true,\"valueName\":\"search_term_string\"}}],\"inLanguage\":\"es\"},{\"@type\":\"Organization\",\"@id\":\"https:\\\/\\\/www.bastropcares.org\\\/es\\\/#organization\",\"name\":\"Bastrop County Cares\",\"url\":\"https:\\\/\\\/www.bastropcares.org\\\/es\\\/\",\"logo\":{\"@type\":\"ImageObject\",\"inLanguage\":\"es\",\"@id\":\"https:\\\/\\\/www.bastropcares.org\\\/es\\\/#\\\/schema\\\/logo\\\/image\\\/\",\"url\":\"https:\\\/\\\/www.bastropcares.org\\\/wp-content\\\/uploads\\\/2025\\\/02\\\/Bastrop-County-Cares-Logo-STACKED-\u2014-V1.svg\",\"contentUrl\":\"https:\\\/\\\/www.bastropcares.org\\\/wp-content\\\/uploads\\\/2025\\\/02\\\/Bastrop-County-Cares-Logo-STACKED-\u2014-V1.svg\",\"width\":660,\"height\":269,\"caption\":\"Bastrop County Cares\"},\"image\":{\"@id\":\"https:\\\/\\\/www.bastropcares.org\\\/es\\\/#\\\/schema\\\/logo\\\/image\\\/\"},\"sameAs\":[\"https:\\\/\\\/www.facebook.com\\\/BastropCares\",\"https:\\\/\\\/www.instagram.com\\\/bastropcountycares\\\/\"]}]}<\/script>\n<!-- \/ Yoast SEO plugin. -->","yoast_head_json":{"title":"Cont\u00e1ctanos - Bastrop County Cares","description":"\u00a1Ponte en contacto con Bastrop County Cares! Llama, env\u00eda un correo electr\u00f3nico o vis\u00edtanos en Bastrop, TX. Rellena nuestro formulario de contacto para consultas: nos encantar\u00e1 saber de ti.","robots":{"index":"index","follow":"follow","max-snippet":"max-snippet:-1","max-image-preview":"max-image-preview:large","max-video-preview":"max-video-preview:-1"},"canonical":"https:\/\/www.bastropcares.org\/es\/contactanos\/","og_locale":"es_ES","og_type":"article","og_title":"Cont\u00e1ctanos - Bastrop County Cares","og_description":"\u00a1Ponte en contacto con Bastrop County Cares! Llama, env\u00eda un correo electr\u00f3nico o vis\u00edtanos en Bastrop, TX. Rellena nuestro formulario de contacto para consultas: nos encantar\u00e1 saber de ti.","og_url":"https:\/\/www.bastropcares.org\/es\/contactanos\/","og_site_name":"Bastrop County Cares","article_publisher":"https:\/\/www.facebook.com\/BastropCares","article_modified_time":"2025-04-01T21:02:17+00:00","og_image":[{"width":800,"height":800,"url":"https:\/\/www.bastropcares.org\/wp-content\/uploads\/2025\/03\/Bastrop_County_Cares_Contact-Us-800x800-1.jpg","type":"image\/jpeg"}],"twitter_card":"summary_large_image","twitter_misc":{"Est. reading time":"2 minutos"},"schema":{"@context":"https:\/\/schema.org","@graph":[{"@type":"WebPage","@id":"https:\/\/www.bastropcares.org\/es\/contactanos\/","url":"https:\/\/www.bastropcares.org\/es\/contactanos\/","name":"Cont\u00e1ctanos - Bastrop County Cares","isPartOf":{"@id":"https:\/\/www.bastropcares.org\/es\/#website"},"primaryImageOfPage":{"@id":"https:\/\/www.bastropcares.org\/es\/contactanos\/#primaryimage"},"image":{"@id":"https:\/\/www.bastropcares.org\/es\/contactanos\/#primaryimage"},"thumbnailUrl":"https:\/\/www.bastropcares.org\/wp-content\/uploads\/2025\/03\/Bastrop_County_Cares_Contact-Us-800x800-1.jpg","datePublished":"2025-02-11T23:20:58+00:00","dateModified":"2025-04-01T21:02:17+00:00","description":"\u00a1Ponte en contacto con Bastrop County Cares! Llama, env\u00eda un correo electr\u00f3nico o vis\u00edtanos en Bastrop, TX. Rellena nuestro formulario de contacto para consultas: nos encantar\u00e1 saber de ti.","breadcrumb":{"@id":"https:\/\/www.bastropcares.org\/es\/contactanos\/#breadcrumb"},"inLanguage":"es","potentialAction":[{"@type":"ReadAction","target":["https:\/\/www.bastropcares.org\/es\/contactanos\/"]}]},{"@type":"ImageObject","inLanguage":"es","@id":"https:\/\/www.bastropcares.org\/es\/contactanos\/#primaryimage","url":"https:\/\/www.bastropcares.org\/wp-content\/uploads\/2025\/03\/Bastrop_County_Cares_Contact-Us-800x800-1.jpg","contentUrl":"https:\/\/www.bastropcares.org\/wp-content\/uploads\/2025\/03\/Bastrop_County_Cares_Contact-Us-800x800-1.jpg","width":800,"height":800},{"@type":"BreadcrumbList","@id":"https:\/\/www.bastropcares.org\/es\/contactanos\/#breadcrumb","itemListElement":[{"@type":"ListItem","position":1,"name":"Home","item":"https:\/\/www.bastropcares.org\/es\/"},{"@type":"ListItem","position":2,"name":"Cont\u00e1ctanos"}]},{"@type":"WebSite","@id":"https:\/\/www.bastropcares.org\/es\/#website","url":"https:\/\/www.bastropcares.org\/es\/","name":"Bastrop County Cares","description":"Bastrop County Cares is a non-profit organization uniting communities in Bastrop County and central Texas through partnerships and collaborative efforts.","publisher":{"@id":"https:\/\/www.bastropcares.org\/es\/#organization"},"potentialAction":[{"@type":"SearchAction","target":{"@type":"EntryPoint","urlTemplate":"https:\/\/www.bastropcares.org\/es\/?s={search_term_string}"},"query-input":{"@type":"PropertyValueSpecification","valueRequired":true,"valueName":"search_term_string"}}],"inLanguage":"es"},{"@type":"Organization","@id":"https:\/\/www.bastropcares.org\/es\/#organization","name":"Bastrop County Cares","url":"https:\/\/www.bastropcares.org\/es\/","logo":{"@type":"ImageObject","inLanguage":"es","@id":"https:\/\/www.bastropcares.org\/es\/#\/schema\/logo\/image\/","url":"https:\/\/www.bastropcares.org\/wp-content\/uploads\/2025\/02\/Bastrop-County-Cares-Logo-STACKED-\u2014-V1.svg","contentUrl":"https:\/\/www.bastropcares.org\/wp-content\/uploads\/2025\/02\/Bastrop-County-Cares-Logo-STACKED-\u2014-V1.svg","width":660,"height":269,"caption":"Bastrop County Cares"},"image":{"@id":"https:\/\/www.bastropcares.org\/es\/#\/schema\/logo\/image\/"},"sameAs":["https:\/\/www.facebook.com\/BastropCares","https:\/\/www.instagram.com\/bastropcountycares\/"]}]}},"featured_image_src":"https:\/\/www.bastropcares.org\/wp-content\/uploads\/2025\/03\/Bastrop_County_Cares_Contact-Us-800x800-1-600x400.jpg","featured_image_src_square":"https:\/\/www.bastropcares.org\/wp-content\/uploads\/2025\/03\/Bastrop_County_Cares_Contact-Us-800x800-1-600x600.jpg","ticketed":false,"_links":{"self":[{"href":"https:\/\/www.bastropcares.org\/es\/wp-json\/wp\/v2\/pages\/17461","targetHints":{"allow":["GET"]}}],"collection":[{"href":"https:\/\/www.bastropcares.org\/es\/wp-json\/wp\/v2\/pages"}],"about":[{"href":"https:\/\/www.bastropcares.org\/es\/wp-json\/wp\/v2\/types\/page"}],"author":[{"embeddable":true,"href":"https:\/\/www.bastropcares.org\/es\/wp-json\/wp\/v2\/users\/1"}],"replies":[{"embeddable":true,"href":"https:\/\/www.bastropcares.org\/es\/wp-json\/wp\/v2\/comments?post=17461"}],"version-history":[{"count":0,"href":"https:\/\/www.bastropcares.org\/es\/wp-json\/wp\/v2\/pages\/17461\/revisions"}],"wp:featuredmedia":[{"embeddable":true,"href":"https:\/\/www.bastropcares.org\/es\/wp-json\/wp\/v2\/media\/17035"}],"wp:attachment":[{"href":"https:\/\/www.bastropcares.org\/es\/wp-json\/wp\/v2\/media?parent=17461"}],"curies":[{"name":"wp","href":"https:\/\/api.w.org\/{rel}","templated":true}]}}