{"id":17463,"date":"2024-11-13T22:42:22","date_gmt":"2024-11-14T04:42:22","guid":{"rendered":"https:\/\/bastropstg.wpenginepowered.com\/politica-de-privacidad\/"},"modified":"2025-03-31T17:10:47","modified_gmt":"2025-03-31T22:10:47","slug":"politica-de-privacidad","status":"publish","type":"page","link":"https:\/\/www.bastropcares.org\/es\/politica-de-privacidad\/","title":{"rendered":"Politica de Privacidad"},"content":{"rendered":"<p>[et_pb_section fb_built=\u00bb1&#8243; _builder_version=\u00bb4.27.4&#8243; _module_preset=\u00bbdefault\u00bb background_color=\u00bb#EFEFEF\u00bb custom_padding=\u00bb40px||40px|||\u00bb global_colors_info=\u00bb{}\u00bb][et_pb_row _builder_version=\u00bb4.27.4&#8243; _module_preset=\u00bbdefault\u00bb global_colors_info=\u00bb{}\u00bb][et_pb_column type=\u00bb4_4&#8243; _builder_version=\u00bb4.27.4&#8243; _module_preset=\u00bbdefault\u00bb global_colors_info=\u00bb{}\u00bb][et_pb_text _builder_version=\u00bb4.27.4&#8243; _module_preset=\u00bbdefault\u00bb header_text_align=\u00bbcenter\u00bb text_orientation=\u00bbcenter\u00bb global_colors_info=\u00bb{}\u00bb]<\/p>\n<h1>Pol\u00edtica de Privacidad<\/h1>\n<p>[\/et_pb_text][\/et_pb_column][\/et_pb_row][\/et_pb_section][et_pb_section fb_built=\u00bb1&#8243; _builder_version=\u00bb4.27.4&#8243; _module_preset=\u00bbdefault\u00bb custom_padding=\u00bb12px|||||\u00bb global_colors_info=\u00bb{}\u00bb][et_pb_row _builder_version=\u00bb4.27.4&#8243; _module_preset=\u00bbdefault\u00bb global_colors_info=\u00bb{}\u00bb][et_pb_column type=\u00bb4_4&#8243; _builder_version=\u00bb4.27.4&#8243; _module_preset=\u00bbdefault\u00bb global_colors_info=\u00bb{}\u00bb][et_pb_text ul_item_indent=\u00bb30px\u00bb _builder_version=\u00bb4.27.4&#8243; _module_preset=\u00bbdefault\u00bb global_colors_info=\u00bb{}\u00bb]<\/p>\n<h4>Esta pol\u00edtica de privacidad establece el modo en que Bastrop County Cares utiliza y protege la informaci\u00f3n que nos proporcionas cuando utilizas este sitio web.<\/h4>\n<p>Nos comprometemos a garantizar la protecci\u00f3n de tu privacidad. Si te pedimos que proporciones cierta informaci\u00f3n con la que se te pueda identificar al utilizar este sitio web, puedes estar seguro de que s\u00f3lo se utilizar\u00e1 de acuerdo con esta declaraci\u00f3n de privacidad.<\/p>\n<p>Podemos cambiar esta pol\u00edtica de vez en cuando actualizando esta p\u00e1gina. Debes consultar esta p\u00e1gina de vez en cuando para asegurarte de que est\u00e1s conforme con cualquier cambio. Esta pol\u00edtica entrar\u00e1 en vigor el 30 de junio de 2022.<\/p>\n<h4>Lo que recogemos<\/h4>\n<p>Podemos recopilar la siguiente informaci\u00f3n si env\u00edas un formulario:<\/p>\n<ul>\n<li>Nombre<\/li>\n<li>Informaci\u00f3n de contacto, incluida la direcci\u00f3n de correo electr\u00f3nico<\/li>\n<li>Informaci\u00f3n demogr\u00e1fica como c\u00f3digo postal, preferencias e intereses<\/li>\n<li>Otra informaci\u00f3n relevante para las encuestas y\/o las ofertas a los clientes<\/li>\n<\/ul>\n<h4>Qu\u00e9 hacemos con la informaci\u00f3n que recopilamos<\/h4>\n<p>Necesitamos esta informaci\u00f3n para comprender tus necesidades y ofrecerte un mejor servicio, y en particular por las siguientes razones:<\/p>\n<ul>\n<li>Mantenimiento de registros internos<\/li>\n<li>Para mejorar nuestros productos y servicios<\/li>\n<li>Enviar correos electr\u00f3nicos promocionales sobre nuevos productos, ofertas especiales u otra informaci\u00f3n que creamos que pueda resultarte interesante utilizando la direcci\u00f3n de correo electr\u00f3nico que nos hayas facilitado.<\/li>\n<li>Utilizar tu informaci\u00f3n para ponernos en contacto contigo con fines de investigaci\u00f3n de mercado. Podemos ponernos en contacto contigo por correo electr\u00f3nico, tel\u00e9fono, fax o correo postal. Podemos utilizar la informaci\u00f3n para personalizar el sitio web seg\u00fan tus intereses<\/li>\n<\/ul>\n<h4>Seguridad<\/h4>\n<p>Nos comprometemos a garantizar la seguridad de tu informaci\u00f3n. Para evitar el acceso o la divulgaci\u00f3n no autorizados, hemos establecido procedimientos f\u00edsicos, electr\u00f3nicos y de gesti\u00f3n adecuados para salvaguardar y asegurar la informaci\u00f3n que recopilamos en l\u00ednea.<\/p>\n<h4>C\u00f3mo utilizamos las cookies<\/h4>\n<p>Una cookie es un peque\u00f1o archivo que pide permiso para ser colocado en el disco duro de tu ordenador. Una vez que aceptas, el archivo se a\u00f1ade y la cookie ayuda a analizar el tr\u00e1fico web o te permite saber cu\u00e1ndo visitas un sitio concreto. Las cookies permiten a las aplicaciones web responderte como individuo. La aplicaci\u00f3n web puede adaptar sus operaciones a tus necesidades, gustos y aversiones recopilando y recordando informaci\u00f3n sobre tus preferencias.<\/p>\n<p>Utilizamos cookies de registro de tr\u00e1fico para identificar qu\u00e9 p\u00e1ginas se est\u00e1n utilizando. Esto nos ayuda a analizar datos sobre el tr\u00e1fico de la p\u00e1gina web y a mejorar nuestro sitio web para adaptarlo a las necesidades de los clientes. S\u00f3lo utilizamos esta informaci\u00f3n con fines de an\u00e1lisis estad\u00edstico y luego los datos se eliminan del sistema.<\/p>\n<p>En general, las cookies nos ayudan a ofrecerte un sitio web mejor, ya que nos permiten controlar qu\u00e9 p\u00e1ginas te resultan \u00fatiles y cu\u00e1les no. Una cookie no nos da acceso a tu ordenador ni a ninguna informaci\u00f3n sobre ti, salvo los datos que decidas compartir con nosotros.<\/p>\n<p>Puedes elegir aceptar o rechazar las cookies. La mayor\u00eda de los navegadores aceptan autom\u00e1ticamente las cookies, pero normalmente puedes modificar la configuraci\u00f3n de tu navegador para rechazarlas si lo prefieres. Esto puede impedir que aproveches plenamente el sitio web.<\/p>\n<h4>Enlaces a otros sitios web<\/h4>\n<p>Nuestro sitio web puede contener enlaces a otros sitios web de inter\u00e9s. Sin embargo, una vez que hayas utilizado estos enlaces para salir de nuestro sitio, debes tener en cuenta que no tenemos ning\u00fan control sobre ese otro sitio web. Por lo tanto, no podemos responsabilizarnos de la protecci\u00f3n y privacidad de la informaci\u00f3n que proporciones al visitar dichos sitios y \u00e9stos no se rigen por la presente declaraci\u00f3n de privacidad. Debes actuar con cautela y consultar la declaraci\u00f3n de privacidad aplicable al sitio web en cuesti\u00f3n.<\/p>\n<h4>Controlar tu informaci\u00f3n personal<\/h4>\n<p>Puedes elegir restringir la recopilaci\u00f3n o el uso de tu informaci\u00f3n personal de las siguientes maneras:<\/p>\n<ul>\n<li>Cuando te pidan que rellenes un formulario en el sitio web, busca la casilla que puedes pulsar para indicar que no quieres que la informaci\u00f3n se utilice con fines de marketing directo.<\/li>\n<li>Si previamente has aceptado que utilicemos tus datos personales para fines de marketing directo, puedes cambiar de opini\u00f3n en cualquier momento escribi\u00e9ndonos o envi\u00e1ndonos un correo electr\u00f3nico.<\/li>\n<\/ul>\n<p>No venderemos, distribuiremos ni cederemos tu informaci\u00f3n personal a terceros a menos que tengamos tu permiso o la ley nos obligue a hacerlo. Podemos utilizar tus datos personales para enviarte informaci\u00f3n promocional sobre terceros que creamos que pueda interesarte, si nos indicas que deseas que as\u00ed sea.<\/p>\n<p>Puedes solicitar detalles de la informaci\u00f3n personal que tenemos sobre ti en virtud de la Ley de Protecci\u00f3n de Datos de 1998. Deber\u00e1s pagar una peque\u00f1a tasa.<\/p>\n<p>Si crees que alguna informaci\u00f3n que tenemos es incorrecta o incompleta, env\u00edanos un correo electr\u00f3nico lo antes posible. Corregiremos r\u00e1pidamente cualquier informaci\u00f3n que resulte incorrecta.<\/p>\n<p>[\/et_pb_text][\/et_pb_column][\/et_pb_row][\/et_pb_section]<\/p>\n","protected":false},"excerpt":{"rendered":"<p>Pol\u00edtica de PrivacidadEsta pol\u00edtica de privacidad establece el modo en que Bastrop County Cares utiliza y protege la informaci\u00f3n que nos proporcionas cuando utilizas este sitio web. Nos comprometemos a garantizar la protecci\u00f3n de tu privacidad. Si te pedimos que proporciones cierta informaci\u00f3n con la que se te pueda identificar al utilizar este sitio web, puedes estar seguro de que s\u00f3lo se utilizar\u00e1 de acuerdo con esta declaraci\u00f3n de privacidad. Podemos cambiar esta pol\u00edtica de vez en cuando actualizando esta p\u00e1gina. Debes consultar esta p\u00e1gina de vez en cuando para asegurarte de que est\u00e1s conforme con cualquier cambio. Esta pol\u00edtica entrar\u00e1 en vigor el 30 de junio de 2022. Lo que recogemos Podemos recopilar la siguiente informaci\u00f3n si env\u00edas un formulario: Nombre Informaci\u00f3n de contacto, incluida la direcci\u00f3n de correo electr\u00f3nico Informaci\u00f3n demogr\u00e1fica como c\u00f3digo postal, preferencias e intereses Otra informaci\u00f3n relevante para las encuestas y\/o las ofertas a los clientes Qu\u00e9 hacemos con la informaci\u00f3n que recopilamos Necesitamos esta informaci\u00f3n para comprender tus necesidades y ofrecerte un mejor servicio, y en particular por las siguientes razones: Mantenimiento de registros internos Para mejorar nuestros productos y servicios Enviar correos electr\u00f3nicos promocionales sobre nuevos productos, ofertas especiales u otra informaci\u00f3n que [&hellip;]<\/p>\n","protected":false},"author":1,"featured_media":16898,"parent":0,"menu_order":0,"comment_status":"closed","ping_status":"open","template":"","meta":{"_et_pb_use_builder":"on","_et_pb_old_content":"","_et_gb_content_width":"","inline_featured_image":false,"_price":"","_stock":"","_tribe_ticket_header":"","_tribe_default_ticket_provider":"","_tribe_ticket_capacity":"0","_ticket_start_date":"","_ticket_end_date":"","_tribe_ticket_show_description":"","_tribe_ticket_show_not_going":false,"_tribe_ticket_use_global_stock":"","_tribe_ticket_global_stock_level":"","_global_stock_mode":"","_global_stock_cap":"","_tribe_rsvp_for_event":"","_tribe_ticket_going_count":"","_tribe_ticket_not_going_count":"","_tribe_tickets_list":"[]","_tribe_ticket_has_attendee_info_fields":false,"footnotes":"","_tec_slr_enabled":"","_tec_slr_layout":""},"class_list":["post-17463","page","type-page","status-publish","has-post-thumbnail","hentry"],"yoast_head":"<!-- This site is optimized with the Yoast SEO plugin v27.4 - https:\/\/yoast.com\/product\/yoast-seo-wordpress\/ -->\n<title>Politica de Privacidad - Bastrop County Cares<\/title>\n<meta name=\"description\" content=\"Inf\u00f3rmate sobre c\u00f3mo Bastrop County Cares recopila, utiliza y protege tu informaci\u00f3n. Lee nuestra pol\u00edtica de privacidad para conocer tus derechos y las medidas de seguridad de los datos.\" \/>\n<meta name=\"robots\" content=\"index, follow, max-snippet:-1, max-image-preview:large, max-video-preview:-1\" \/>\n<link rel=\"canonical\" href=\"https:\/\/www.bastropcares.org\/es\/politica-de-privacidad\/\" \/>\n<meta property=\"og:locale\" content=\"es_ES\" \/>\n<meta property=\"og:type\" content=\"article\" \/>\n<meta property=\"og:title\" content=\"Politica de Privacidad - Bastrop County Cares\" \/>\n<meta property=\"og:description\" content=\"Inf\u00f3rmate sobre c\u00f3mo Bastrop County Cares recopila, utiliza y protege tu informaci\u00f3n. Lee nuestra pol\u00edtica de privacidad para conocer tus derechos y las medidas de seguridad de los datos.\" \/>\n<meta property=\"og:url\" content=\"https:\/\/www.bastropcares.org\/es\/politica-de-privacidad\/\" \/>\n<meta property=\"og:site_name\" content=\"Bastrop County Cares\" \/>\n<meta property=\"article:publisher\" content=\"https:\/\/www.facebook.com\/BastropCares\" \/>\n<meta property=\"article:modified_time\" content=\"2025-03-31T22:10:47+00:00\" \/>\n<meta property=\"og:image\" content=\"https:\/\/www.bastropcares.org\/wp-content\/uploads\/2025\/02\/Bastrop-County-Cares-Non-Profit-Home-pf-Hero.jpg\" \/>\n\t<meta property=\"og:image:width\" content=\"1920\" \/>\n\t<meta property=\"og:image:height\" content=\"1280\" \/>\n\t<meta property=\"og:image:type\" content=\"image\/jpeg\" \/>\n<meta name=\"twitter:card\" content=\"summary_large_image\" \/>\n<meta name=\"twitter:label1\" content=\"Est. reading time\" \/>\n\t<meta name=\"twitter:data1\" content=\"5 minutos\" \/>\n<script type=\"application\/ld+json\" class=\"yoast-schema-graph\">{\"@context\":\"https:\\\/\\\/schema.org\",\"@graph\":[{\"@type\":\"WebPage\",\"@id\":\"https:\\\/\\\/www.bastropcares.org\\\/es\\\/politica-de-privacidad\\\/\",\"url\":\"https:\\\/\\\/www.bastropcares.org\\\/es\\\/politica-de-privacidad\\\/\",\"name\":\"Politica de Privacidad - Bastrop County Cares\",\"isPartOf\":{\"@id\":\"https:\\\/\\\/www.bastropcares.org\\\/es\\\/#website\"},\"primaryImageOfPage\":{\"@id\":\"https:\\\/\\\/www.bastropcares.org\\\/es\\\/politica-de-privacidad\\\/#primaryimage\"},\"image\":{\"@id\":\"https:\\\/\\\/www.bastropcares.org\\\/es\\\/politica-de-privacidad\\\/#primaryimage\"},\"thumbnailUrl\":\"https:\\\/\\\/www.bastropcares.org\\\/wp-content\\\/uploads\\\/2025\\\/02\\\/Bastrop-County-Cares-Non-Profit-Home-pf-Hero.jpg\",\"datePublished\":\"2024-11-14T04:42:22+00:00\",\"dateModified\":\"2025-03-31T22:10:47+00:00\",\"description\":\"Inf\u00f3rmate sobre c\u00f3mo Bastrop County Cares recopila, utiliza y protege tu informaci\u00f3n. Lee nuestra pol\u00edtica de privacidad para conocer tus derechos y las medidas de seguridad de los datos.\",\"breadcrumb\":{\"@id\":\"https:\\\/\\\/www.bastropcares.org\\\/es\\\/politica-de-privacidad\\\/#breadcrumb\"},\"inLanguage\":\"es\",\"potentialAction\":[{\"@type\":\"ReadAction\",\"target\":[\"https:\\\/\\\/www.bastropcares.org\\\/es\\\/politica-de-privacidad\\\/\"]}]},{\"@type\":\"ImageObject\",\"inLanguage\":\"es\",\"@id\":\"https:\\\/\\\/www.bastropcares.org\\\/es\\\/politica-de-privacidad\\\/#primaryimage\",\"url\":\"https:\\\/\\\/www.bastropcares.org\\\/wp-content\\\/uploads\\\/2025\\\/02\\\/Bastrop-County-Cares-Non-Profit-Home-pf-Hero.jpg\",\"contentUrl\":\"https:\\\/\\\/www.bastropcares.org\\\/wp-content\\\/uploads\\\/2025\\\/02\\\/Bastrop-County-Cares-Non-Profit-Home-pf-Hero.jpg\",\"width\":1920,\"height\":1280},{\"@type\":\"BreadcrumbList\",\"@id\":\"https:\\\/\\\/www.bastropcares.org\\\/es\\\/politica-de-privacidad\\\/#breadcrumb\",\"itemListElement\":[{\"@type\":\"ListItem\",\"position\":1,\"name\":\"Home\",\"item\":\"https:\\\/\\\/www.bastropcares.org\\\/es\\\/\"},{\"@type\":\"ListItem\",\"position\":2,\"name\":\"Politica de Privacidad\"}]},{\"@type\":\"WebSite\",\"@id\":\"https:\\\/\\\/www.bastropcares.org\\\/es\\\/#website\",\"url\":\"https:\\\/\\\/www.bastropcares.org\\\/es\\\/\",\"name\":\"Bastrop County Cares\",\"description\":\"Bastrop County Cares is a non-profit organization uniting communities in Bastrop County and central Texas through partnerships and collaborative efforts.\",\"publisher\":{\"@id\":\"https:\\\/\\\/www.bastropcares.org\\\/es\\\/#organization\"},\"potentialAction\":[{\"@type\":\"SearchAction\",\"target\":{\"@type\":\"EntryPoint\",\"urlTemplate\":\"https:\\\/\\\/www.bastropcares.org\\\/es\\\/?s={search_term_string}\"},\"query-input\":{\"@type\":\"PropertyValueSpecification\",\"valueRequired\":true,\"valueName\":\"search_term_string\"}}],\"inLanguage\":\"es\"},{\"@type\":\"Organization\",\"@id\":\"https:\\\/\\\/www.bastropcares.org\\\/es\\\/#organization\",\"name\":\"Bastrop County Cares\",\"url\":\"https:\\\/\\\/www.bastropcares.org\\\/es\\\/\",\"logo\":{\"@type\":\"ImageObject\",\"inLanguage\":\"es\",\"@id\":\"https:\\\/\\\/www.bastropcares.org\\\/es\\\/#\\\/schema\\\/logo\\\/image\\\/\",\"url\":\"https:\\\/\\\/www.bastropcares.org\\\/wp-content\\\/uploads\\\/2025\\\/02\\\/Bastrop-County-Cares-Logo-STACKED-\u2014-V1.svg\",\"contentUrl\":\"https:\\\/\\\/www.bastropcares.org\\\/wp-content\\\/uploads\\\/2025\\\/02\\\/Bastrop-County-Cares-Logo-STACKED-\u2014-V1.svg\",\"width\":660,\"height\":269,\"caption\":\"Bastrop County Cares\"},\"image\":{\"@id\":\"https:\\\/\\\/www.bastropcares.org\\\/es\\\/#\\\/schema\\\/logo\\\/image\\\/\"},\"sameAs\":[\"https:\\\/\\\/www.facebook.com\\\/BastropCares\",\"https:\\\/\\\/www.instagram.com\\\/bastropcountycares\\\/\"]}]}<\/script>\n<!-- \/ Yoast SEO plugin. -->","yoast_head_json":{"title":"Politica de Privacidad - Bastrop County Cares","description":"Inf\u00f3rmate sobre c\u00f3mo Bastrop County Cares recopila, utiliza y protege tu informaci\u00f3n. Lee nuestra pol\u00edtica de privacidad para conocer tus derechos y las medidas de seguridad de los datos.","robots":{"index":"index","follow":"follow","max-snippet":"max-snippet:-1","max-image-preview":"max-image-preview:large","max-video-preview":"max-video-preview:-1"},"canonical":"https:\/\/www.bastropcares.org\/es\/politica-de-privacidad\/","og_locale":"es_ES","og_type":"article","og_title":"Politica de Privacidad - Bastrop County Cares","og_description":"Inf\u00f3rmate sobre c\u00f3mo Bastrop County Cares recopila, utiliza y protege tu informaci\u00f3n. Lee nuestra pol\u00edtica de privacidad para conocer tus derechos y las medidas de seguridad de los datos.","og_url":"https:\/\/www.bastropcares.org\/es\/politica-de-privacidad\/","og_site_name":"Bastrop County Cares","article_publisher":"https:\/\/www.facebook.com\/BastropCares","article_modified_time":"2025-03-31T22:10:47+00:00","og_image":[{"width":1920,"height":1280,"url":"https:\/\/www.bastropcares.org\/wp-content\/uploads\/2025\/02\/Bastrop-County-Cares-Non-Profit-Home-pf-Hero.jpg","type":"image\/jpeg"}],"twitter_card":"summary_large_image","twitter_misc":{"Est. reading time":"5 minutos"},"schema":{"@context":"https:\/\/schema.org","@graph":[{"@type":"WebPage","@id":"https:\/\/www.bastropcares.org\/es\/politica-de-privacidad\/","url":"https:\/\/www.bastropcares.org\/es\/politica-de-privacidad\/","name":"Politica de Privacidad - Bastrop County Cares","isPartOf":{"@id":"https:\/\/www.bastropcares.org\/es\/#website"},"primaryImageOfPage":{"@id":"https:\/\/www.bastropcares.org\/es\/politica-de-privacidad\/#primaryimage"},"image":{"@id":"https:\/\/www.bastropcares.org\/es\/politica-de-privacidad\/#primaryimage"},"thumbnailUrl":"https:\/\/www.bastropcares.org\/wp-content\/uploads\/2025\/02\/Bastrop-County-Cares-Non-Profit-Home-pf-Hero.jpg","datePublished":"2024-11-14T04:42:22+00:00","dateModified":"2025-03-31T22:10:47+00:00","description":"Inf\u00f3rmate sobre c\u00f3mo Bastrop County Cares recopila, utiliza y protege tu informaci\u00f3n. Lee nuestra pol\u00edtica de privacidad para conocer tus derechos y las medidas de seguridad de los datos.","breadcrumb":{"@id":"https:\/\/www.bastropcares.org\/es\/politica-de-privacidad\/#breadcrumb"},"inLanguage":"es","potentialAction":[{"@type":"ReadAction","target":["https:\/\/www.bastropcares.org\/es\/politica-de-privacidad\/"]}]},{"@type":"ImageObject","inLanguage":"es","@id":"https:\/\/www.bastropcares.org\/es\/politica-de-privacidad\/#primaryimage","url":"https:\/\/www.bastropcares.org\/wp-content\/uploads\/2025\/02\/Bastrop-County-Cares-Non-Profit-Home-pf-Hero.jpg","contentUrl":"https:\/\/www.bastropcares.org\/wp-content\/uploads\/2025\/02\/Bastrop-County-Cares-Non-Profit-Home-pf-Hero.jpg","width":1920,"height":1280},{"@type":"BreadcrumbList","@id":"https:\/\/www.bastropcares.org\/es\/politica-de-privacidad\/#breadcrumb","itemListElement":[{"@type":"ListItem","position":1,"name":"Home","item":"https:\/\/www.bastropcares.org\/es\/"},{"@type":"ListItem","position":2,"name":"Politica de Privacidad"}]},{"@type":"WebSite","@id":"https:\/\/www.bastropcares.org\/es\/#website","url":"https:\/\/www.bastropcares.org\/es\/","name":"Bastrop County Cares","description":"Bastrop County Cares is a non-profit organization uniting communities in Bastrop County and central Texas through partnerships and collaborative efforts.","publisher":{"@id":"https:\/\/www.bastropcares.org\/es\/#organization"},"potentialAction":[{"@type":"SearchAction","target":{"@type":"EntryPoint","urlTemplate":"https:\/\/www.bastropcares.org\/es\/?s={search_term_string}"},"query-input":{"@type":"PropertyValueSpecification","valueRequired":true,"valueName":"search_term_string"}}],"inLanguage":"es"},{"@type":"Organization","@id":"https:\/\/www.bastropcares.org\/es\/#organization","name":"Bastrop County Cares","url":"https:\/\/www.bastropcares.org\/es\/","logo":{"@type":"ImageObject","inLanguage":"es","@id":"https:\/\/www.bastropcares.org\/es\/#\/schema\/logo\/image\/","url":"https:\/\/www.bastropcares.org\/wp-content\/uploads\/2025\/02\/Bastrop-County-Cares-Logo-STACKED-\u2014-V1.svg","contentUrl":"https:\/\/www.bastropcares.org\/wp-content\/uploads\/2025\/02\/Bastrop-County-Cares-Logo-STACKED-\u2014-V1.svg","width":660,"height":269,"caption":"Bastrop County Cares"},"image":{"@id":"https:\/\/www.bastropcares.org\/es\/#\/schema\/logo\/image\/"},"sameAs":["https:\/\/www.facebook.com\/BastropCares","https:\/\/www.instagram.com\/bastropcountycares\/"]}]}},"featured_image_src":"https:\/\/www.bastropcares.org\/wp-content\/uploads\/2025\/02\/Bastrop-County-Cares-Non-Profit-Home-pf-Hero-600x400.jpg","featured_image_src_square":"https:\/\/www.bastropcares.org\/wp-content\/uploads\/2025\/02\/Bastrop-County-Cares-Non-Profit-Home-pf-Hero-600x600.jpg","ticketed":false,"_links":{"self":[{"href":"https:\/\/www.bastropcares.org\/es\/wp-json\/wp\/v2\/pages\/17463","targetHints":{"allow":["GET"]}}],"collection":[{"href":"https:\/\/www.bastropcares.org\/es\/wp-json\/wp\/v2\/pages"}],"about":[{"href":"https:\/\/www.bastropcares.org\/es\/wp-json\/wp\/v2\/types\/page"}],"author":[{"embeddable":true,"href":"https:\/\/www.bastropcares.org\/es\/wp-json\/wp\/v2\/users\/1"}],"replies":[{"embeddable":true,"href":"https:\/\/www.bastropcares.org\/es\/wp-json\/wp\/v2\/comments?post=17463"}],"version-history":[{"count":0,"href":"https:\/\/www.bastropcares.org\/es\/wp-json\/wp\/v2\/pages\/17463\/revisions"}],"wp:featuredmedia":[{"embeddable":true,"href":"https:\/\/www.bastropcares.org\/es\/wp-json\/wp\/v2\/media\/16898"}],"wp:attachment":[{"href":"https:\/\/www.bastropcares.org\/es\/wp-json\/wp\/v2\/media?parent=17463"}],"curies":[{"name":"wp","href":"https:\/\/api.w.org\/{rel}","templated":true}]}}